{"id":95,"date":"2023-08-04T09:54:15","date_gmt":"2023-08-04T09:54:15","guid":{"rendered":"https:\/\/www.jk-techlab.com\/?page_id=95"},"modified":"2025-05-16T04:08:34","modified_gmt":"2025-05-16T04:08:34","slug":"reference","status":"publish","type":"page","link":"https:\/\/www.jk-techlab.com\/?page_id=95","title":{"rendered":"Fotogalerie zak\u00e1zek:"},"content":{"rendered":"\n<h2 class=\"wp-block-heading\">Fotogalerie zak\u00e1zek:<\/h2>\n\n\n\n<figure class=\"wp-block-gallery has-nested-images columns-default is-cropped wp-block-gallery-1 is-layout-flex wp-block-gallery-is-layout-flex\">\n<figure class=\"wp-block-image size-large\"><a href=\"https:\/\/www.jk-techlab.com\/wp-content\/uploads\/2024\/04\/crystal2.jpg\" target=\"_blank\" rel=\"noreferrer noopener\"><img loading=\"lazy\" decoding=\"async\" width=\"769\" height=\"1024\" data-id=\"194\" src=\"https:\/\/www.jk-techlab.com\/wp-content\/uploads\/2024\/04\/crystal2-769x1024.jpg\" alt=\"\" class=\"wp-image-194\" srcset=\"https:\/\/www.jk-techlab.com\/wp-content\/uploads\/2024\/04\/crystal2-769x1024.jpg 769w, https:\/\/www.jk-techlab.com\/wp-content\/uploads\/2024\/04\/crystal2-225x300.jpg 225w, https:\/\/www.jk-techlab.com\/wp-content\/uploads\/2024\/04\/crystal2-768x1023.jpg 768w, https:\/\/www.jk-techlab.com\/wp-content\/uploads\/2024\/04\/crystal2-1153x1536.jpg 1153w, https:\/\/www.jk-techlab.com\/wp-content\/uploads\/2024\/04\/crystal2-1538x2048.jpg 1538w, https:\/\/www.jk-techlab.com\/wp-content\/uploads\/2024\/04\/crystal2.jpg 1736w\" sizes=\"auto, (max-width: 769px) 100vw, 769px\" \/><\/a><figcaption class=\"wp-element-caption\">USB lampa &#8211; RED, krystal EPOXID<\/figcaption><\/figure>\n\n\n\n<figure class=\"wp-block-image size-large\"><a href=\"https:\/\/www.jk-techlab.com\/wp-content\/uploads\/2024\/04\/crystal3.jpg\" target=\"_blank\" rel=\"noreferrer noopener\"><img loading=\"lazy\" decoding=\"async\" width=\"769\" height=\"1024\" data-id=\"195\" src=\"https:\/\/www.jk-techlab.com\/wp-content\/uploads\/2024\/04\/crystal3-769x1024.jpg\" alt=\"\" class=\"wp-image-195\" srcset=\"https:\/\/www.jk-techlab.com\/wp-content\/uploads\/2024\/04\/crystal3-769x1024.jpg 769w, https:\/\/www.jk-techlab.com\/wp-content\/uploads\/2024\/04\/crystal3-225x300.jpg 225w, https:\/\/www.jk-techlab.com\/wp-content\/uploads\/2024\/04\/crystal3-768x1023.jpg 768w, https:\/\/www.jk-techlab.com\/wp-content\/uploads\/2024\/04\/crystal3-1153x1536.jpg 1153w, https:\/\/www.jk-techlab.com\/wp-content\/uploads\/2024\/04\/crystal3-1538x2048.jpg 1538w, https:\/\/www.jk-techlab.com\/wp-content\/uploads\/2024\/04\/crystal3.jpg 1736w\" sizes=\"auto, (max-width: 769px) 100vw, 769px\" \/><\/a><figcaption class=\"wp-element-caption\">USB lampa &#8211; RED, krystal EPOXID<\/figcaption><\/figure>\n\n\n\n<figure class=\"wp-block-image size-large\"><a href=\"https:\/\/www.jk-techlab.com\/wp-content\/uploads\/2024\/04\/crystals.jpg\" target=\"_blank\" rel=\"noreferrer noopener\"><img loading=\"lazy\" decoding=\"async\" width=\"1024\" height=\"610\" data-id=\"196\" src=\"https:\/\/www.jk-techlab.com\/wp-content\/uploads\/2024\/04\/crystals-1024x610.jpg\" alt=\"\" class=\"wp-image-196\" srcset=\"https:\/\/www.jk-techlab.com\/wp-content\/uploads\/2024\/04\/crystals-1024x610.jpg 1024w, https:\/\/www.jk-techlab.com\/wp-content\/uploads\/2024\/04\/crystals-300x179.jpg 300w, https:\/\/www.jk-techlab.com\/wp-content\/uploads\/2024\/04\/crystals-768x457.jpg 768w, https:\/\/www.jk-techlab.com\/wp-content\/uploads\/2024\/04\/crystals-1536x914.jpg 1536w, https:\/\/www.jk-techlab.com\/wp-content\/uploads\/2024\/04\/crystals-2048x1219.jpg 2048w\" sizes=\"auto, (max-width: 1024px) 100vw, 1024px\" \/><\/a><figcaption class=\"wp-element-caption\">USB lampa &#8211; B&amp;W, krystal EPOXID<\/figcaption><\/figure>\n\n\n\n<figure class=\"wp-block-image size-large\"><a href=\"https:\/\/www.jk-techlab.com\/wp-content\/uploads\/2024\/04\/crystaly.jpg\" target=\"_blank\" rel=\"noreferrer noopener\"><img loading=\"lazy\" decoding=\"async\" width=\"1019\" height=\"1024\" data-id=\"197\" src=\"https:\/\/www.jk-techlab.com\/wp-content\/uploads\/2024\/04\/crystaly-1019x1024.jpg\" alt=\"\" class=\"wp-image-197\" srcset=\"https:\/\/www.jk-techlab.com\/wp-content\/uploads\/2024\/04\/crystaly-1019x1024.jpg 1019w, https:\/\/www.jk-techlab.com\/wp-content\/uploads\/2024\/04\/crystaly-298x300.jpg 298w, https:\/\/www.jk-techlab.com\/wp-content\/uploads\/2024\/04\/crystaly-150x150.jpg 150w, https:\/\/www.jk-techlab.com\/wp-content\/uploads\/2024\/04\/crystaly-768x772.jpg 768w, https:\/\/www.jk-techlab.com\/wp-content\/uploads\/2024\/04\/crystaly-1528x1536.jpg 1528w, https:\/\/www.jk-techlab.com\/wp-content\/uploads\/2024\/04\/crystaly-2037x2048.jpg 2037w\" sizes=\"auto, (max-width: 1019px) 100vw, 1019px\" \/><\/a><figcaption class=\"wp-element-caption\">Mal\u00fd a Velk\u00fd &#8211; krystaly EPOXID<\/figcaption><\/figure>\n\n\n\n<figure class=\"wp-block-image size-large\"><a href=\"https:\/\/www.jk-techlab.com\/wp-content\/uploads\/2024\/04\/wheel2.jpg\" target=\"_blank\" rel=\"noreferrer noopener\"><img loading=\"lazy\" decoding=\"async\" width=\"1024\" height=\"769\" data-id=\"204\" src=\"https:\/\/www.jk-techlab.com\/wp-content\/uploads\/2024\/04\/wheel2-1024x769.jpg\" alt=\"\" class=\"wp-image-204\" srcset=\"https:\/\/www.jk-techlab.com\/wp-content\/uploads\/2024\/04\/wheel2-1024x769.jpg 1024w, https:\/\/www.jk-techlab.com\/wp-content\/uploads\/2024\/04\/wheel2-300x225.jpg 300w, https:\/\/www.jk-techlab.com\/wp-content\/uploads\/2024\/04\/wheel2-768x577.jpg 768w, https:\/\/www.jk-techlab.com\/wp-content\/uploads\/2024\/04\/wheel2-1536x1153.jpg 1536w, https:\/\/www.jk-techlab.com\/wp-content\/uploads\/2024\/04\/wheel2-2048x1538.jpg 2048w\" sizes=\"auto, (max-width: 1024px) 100vw, 1024px\" \/><\/a><figcaption class=\"wp-element-caption\">N\u00e1hrada kole\u010dek &#8211; baz\u00e9nov\u00fd vysava\u010d<\/figcaption><\/figure>\n\n\n\n<figure class=\"wp-block-image size-large\"><a href=\"https:\/\/www.jk-techlab.com\/wp-content\/uploads\/2024\/04\/wheel.jpg\" target=\"_blank\" rel=\"noreferrer noopener\"><img loading=\"lazy\" decoding=\"async\" width=\"1024\" height=\"769\" data-id=\"203\" src=\"https:\/\/www.jk-techlab.com\/wp-content\/uploads\/2024\/04\/wheel-1024x769.jpg\" alt=\"\" class=\"wp-image-203\" srcset=\"https:\/\/www.jk-techlab.com\/wp-content\/uploads\/2024\/04\/wheel-1024x769.jpg 1024w, https:\/\/www.jk-techlab.com\/wp-content\/uploads\/2024\/04\/wheel-300x225.jpg 300w, https:\/\/www.jk-techlab.com\/wp-content\/uploads\/2024\/04\/wheel-768x577.jpg 768w, https:\/\/www.jk-techlab.com\/wp-content\/uploads\/2024\/04\/wheel-1536x1153.jpg 1536w, https:\/\/www.jk-techlab.com\/wp-content\/uploads\/2024\/04\/wheel-2048x1538.jpg 2048w\" sizes=\"auto, (max-width: 1024px) 100vw, 1024px\" \/><\/a><figcaption class=\"wp-element-caption\">N\u00e1hrada kole\u010dek &#8211; baz\u00e9nov\u00fd vysava\u010d<\/figcaption><\/figure>\n\n\n\n<figure class=\"wp-block-image size-large\"><a href=\"https:\/\/www.jk-techlab.com\/wp-content\/uploads\/2024\/04\/UV_lamp2.jpg\" target=\"_blank\" rel=\"noreferrer noopener\"><img loading=\"lazy\" decoding=\"async\" width=\"769\" height=\"1024\" data-id=\"202\" src=\"https:\/\/www.jk-techlab.com\/wp-content\/uploads\/2024\/04\/UV_lamp2-769x1024.jpg\" alt=\"\" class=\"wp-image-202\" srcset=\"https:\/\/www.jk-techlab.com\/wp-content\/uploads\/2024\/04\/UV_lamp2-769x1024.jpg 769w, https:\/\/www.jk-techlab.com\/wp-content\/uploads\/2024\/04\/UV_lamp2-225x300.jpg 225w, https:\/\/www.jk-techlab.com\/wp-content\/uploads\/2024\/04\/UV_lamp2-768x1023.jpg 768w, https:\/\/www.jk-techlab.com\/wp-content\/uploads\/2024\/04\/UV_lamp2-1153x1536.jpg 1153w, https:\/\/www.jk-techlab.com\/wp-content\/uploads\/2024\/04\/UV_lamp2-1538x2048.jpg 1538w, https:\/\/www.jk-techlab.com\/wp-content\/uploads\/2024\/04\/UV_lamp2.jpg 1736w\" sizes=\"auto, (max-width: 769px) 100vw, 769px\" \/><\/a><figcaption class=\"wp-element-caption\">Oprava a servis fotoreaktoru, nov\u00fd<\/figcaption><\/figure>\n\n\n\n<figure class=\"wp-block-image size-large\"><a href=\"https:\/\/www.jk-techlab.com\/wp-content\/uploads\/2024\/04\/UV_lamp.jpg\" target=\"_blank\" rel=\"noreferrer noopener\"><img loading=\"lazy\" decoding=\"async\" width=\"769\" height=\"1024\" data-id=\"201\" src=\"https:\/\/www.jk-techlab.com\/wp-content\/uploads\/2024\/04\/UV_lamp-769x1024.jpg\" alt=\"\" class=\"wp-image-201\" srcset=\"https:\/\/www.jk-techlab.com\/wp-content\/uploads\/2024\/04\/UV_lamp-769x1024.jpg 769w, https:\/\/www.jk-techlab.com\/wp-content\/uploads\/2024\/04\/UV_lamp-225x300.jpg 225w, https:\/\/www.jk-techlab.com\/wp-content\/uploads\/2024\/04\/UV_lamp-768x1023.jpg 768w, https:\/\/www.jk-techlab.com\/wp-content\/uploads\/2024\/04\/UV_lamp-1153x1536.jpg 1153w, https:\/\/www.jk-techlab.com\/wp-content\/uploads\/2024\/04\/UV_lamp-1538x2048.jpg 1538w, https:\/\/www.jk-techlab.com\/wp-content\/uploads\/2024\/04\/UV_lamp.jpg 1736w\" sizes=\"auto, (max-width: 769px) 100vw, 769px\" \/><\/a><figcaption class=\"wp-element-caption\">Oprava a servis fotoreaktoru, star\u00fd<\/figcaption><\/figure>\n\n\n\n<figure class=\"wp-block-image size-large\"><a href=\"https:\/\/www.jk-techlab.com\/wp-content\/uploads\/2024\/04\/Moka-cena-1.jpg\" target=\"_blank\" rel=\"noreferrer noopener\"><img loading=\"lazy\" decoding=\"async\" width=\"726\" height=\"1024\" data-id=\"200\" src=\"https:\/\/www.jk-techlab.com\/wp-content\/uploads\/2024\/04\/Moka-cena-1-726x1024.jpg\" alt=\"\" class=\"wp-image-200\" srcset=\"https:\/\/www.jk-techlab.com\/wp-content\/uploads\/2024\/04\/Moka-cena-1-726x1024.jpg 726w, https:\/\/www.jk-techlab.com\/wp-content\/uploads\/2024\/04\/Moka-cena-1-213x300.jpg 213w, https:\/\/www.jk-techlab.com\/wp-content\/uploads\/2024\/04\/Moka-cena-1-768x1083.jpg 768w, https:\/\/www.jk-techlab.com\/wp-content\/uploads\/2024\/04\/Moka-cena-1.jpg 1024w\" sizes=\"auto, (max-width: 726px) 100vw, 726px\" \/><\/a><figcaption class=\"wp-element-caption\">MOKA konvi\u010dka pro kolegu<\/figcaption><\/figure>\n\n\n\n<figure class=\"wp-block-image size-large\"><a href=\"https:\/\/www.jk-techlab.com\/wp-content\/uploads\/2024\/04\/dipping_art-scaled.jpg\" target=\"_blank\" rel=\"noreferrer noopener\"><img loading=\"lazy\" decoding=\"async\" width=\"1024\" height=\"804\" data-id=\"189\" src=\"https:\/\/www.jk-techlab.com\/wp-content\/uploads\/2024\/04\/dipping_art-1024x804.jpg\" alt=\"\" class=\"wp-image-189\" srcset=\"https:\/\/www.jk-techlab.com\/wp-content\/uploads\/2024\/04\/dipping_art-1024x804.jpg 1024w, https:\/\/www.jk-techlab.com\/wp-content\/uploads\/2024\/04\/dipping_art-300x236.jpg 300w, https:\/\/www.jk-techlab.com\/wp-content\/uploads\/2024\/04\/dipping_art-768x603.jpg 768w, https:\/\/www.jk-techlab.com\/wp-content\/uploads\/2024\/04\/dipping_art-1536x1206.jpg 1536w, https:\/\/www.jk-techlab.com\/wp-content\/uploads\/2024\/04\/dipping_art-2048x1609.jpg 2048w\" sizes=\"auto, (max-width: 1024px) 100vw, 1024px\" \/><\/a><figcaption class=\"wp-element-caption\">P\u0159\u00edv\u011bsky &#8211; abstrakt<\/figcaption><\/figure>\n\n\n\n<figure class=\"wp-block-image size-large\"><a href=\"https:\/\/www.jk-techlab.com\/wp-content\/uploads\/2024\/04\/bears.jpg\" target=\"_blank\" rel=\"noreferrer noopener\"><img loading=\"lazy\" decoding=\"async\" width=\"1024\" height=\"789\" data-id=\"193\" src=\"https:\/\/www.jk-techlab.com\/wp-content\/uploads\/2024\/04\/bears-1024x789.jpg\" alt=\"\" class=\"wp-image-193\" srcset=\"https:\/\/www.jk-techlab.com\/wp-content\/uploads\/2024\/04\/bears-1024x789.jpg 1024w, https:\/\/www.jk-techlab.com\/wp-content\/uploads\/2024\/04\/bears-300x231.jpg 300w, https:\/\/www.jk-techlab.com\/wp-content\/uploads\/2024\/04\/bears-768x592.jpg 768w, https:\/\/www.jk-techlab.com\/wp-content\/uploads\/2024\/04\/bears-1536x1183.jpg 1536w, https:\/\/www.jk-techlab.com\/wp-content\/uploads\/2024\/04\/bears.jpg 1842w\" sizes=\"auto, (max-width: 1024px) 100vw, 1024px\" \/><\/a><figcaption class=\"wp-element-caption\">Li\u0161ky a Medv\u00eddci &#8211; duha, PLA a EPOXID<\/figcaption><\/figure>\n\n\n\n<figure class=\"wp-block-image size-large\"><a href=\"https:\/\/www.jk-techlab.com\/wp-content\/uploads\/2024\/06\/CaTree-projekt.jpg\" target=\"_blank\" rel=\"noreferrer noopener\"><img loading=\"lazy\" decoding=\"async\" width=\"768\" height=\"1024\" data-id=\"223\" src=\"https:\/\/www.jk-techlab.com\/wp-content\/uploads\/2024\/06\/CaTree-projekt-768x1024.jpg\" alt=\"\" class=\"wp-image-223\" srcset=\"https:\/\/www.jk-techlab.com\/wp-content\/uploads\/2024\/06\/CaTree-projekt-768x1024.jpg 768w, https:\/\/www.jk-techlab.com\/wp-content\/uploads\/2024\/06\/CaTree-projekt-225x300.jpg 225w, https:\/\/www.jk-techlab.com\/wp-content\/uploads\/2024\/06\/CaTree-projekt-1152x1536.jpg 1152w, https:\/\/www.jk-techlab.com\/wp-content\/uploads\/2024\/06\/CaTree-projekt.jpg 1200w\" sizes=\"auto, (max-width: 768px) 100vw, 768px\" \/><\/a><figcaption class=\"wp-element-caption\">CaTree projekt <\/figcaption><\/figure>\n\n\n\n<figure class=\"wp-block-image size-large\"><a href=\"https:\/\/www.jk-techlab.com\/wp-content\/uploads\/2024\/06\/CaTree-projekt2A.jpg\" target=\"_blank\" rel=\"noreferrer noopener\"><img loading=\"lazy\" decoding=\"async\" width=\"769\" height=\"1024\" data-id=\"222\" src=\"https:\/\/www.jk-techlab.com\/wp-content\/uploads\/2024\/06\/CaTree-projekt2-769x1024.jpg\" alt=\"\" class=\"wp-image-222\" srcset=\"https:\/\/www.jk-techlab.com\/wp-content\/uploads\/2024\/06\/CaTree-projekt2-769x1024.jpg 769w, https:\/\/www.jk-techlab.com\/wp-content\/uploads\/2024\/06\/CaTree-projekt2-225x300.jpg 225w, https:\/\/www.jk-techlab.com\/wp-content\/uploads\/2024\/06\/CaTree-projekt2-768x1023.jpg 768w, https:\/\/www.jk-techlab.com\/wp-content\/uploads\/2024\/06\/CaTree-projekt2.jpg 868w\" sizes=\"auto, (max-width: 769px) 100vw, 769px\" \/><\/a><figcaption class=\"wp-element-caption\">CaTree projekt    205x150x105 [cm]<\/figcaption><\/figure>\n\n\n\n<figure class=\"wp-block-image size-large\"><a href=\"https:\/\/www.jk-techlab.com\/wp-content\/uploads\/2024\/12\/1735038591447-scaled-e1741530868133.jpg\" target=\"_blank\" rel=\"noreferrer noopener\"><img loading=\"lazy\" decoding=\"async\" width=\"1024\" height=\"655\" data-id=\"243\" src=\"https:\/\/www.jk-techlab.com\/wp-content\/uploads\/2024\/12\/1735038591447-scaled-e1741530868133-1024x655.jpg\" alt=\"\" class=\"wp-image-243\" srcset=\"https:\/\/www.jk-techlab.com\/wp-content\/uploads\/2024\/12\/1735038591447-scaled-e1741530868133-1024x655.jpg 1024w, https:\/\/www.jk-techlab.com\/wp-content\/uploads\/2024\/12\/1735038591447-scaled-e1741530868133-300x192.jpg 300w, https:\/\/www.jk-techlab.com\/wp-content\/uploads\/2024\/12\/1735038591447-scaled-e1741530868133-768x491.jpg 768w, https:\/\/www.jk-techlab.com\/wp-content\/uploads\/2024\/12\/1735038591447-scaled-e1741530868133-1536x983.jpg 1536w, https:\/\/www.jk-techlab.com\/wp-content\/uploads\/2024\/12\/1735038591447-scaled-e1741530868133.jpg 1907w\" sizes=\"auto, (max-width: 1024px) 100vw, 1024px\" \/><\/a><figcaption class=\"wp-element-caption\">Sada v\u00e1no\u010dn\u00edch ozdob, 3D tisk<\/figcaption><\/figure>\n\n\n\n<figure class=\"wp-block-image size-large\"><a href=\"https:\/\/www.jk-techlab.com\/wp-content\/uploads\/2025\/03\/1741525979056-scaled-e1741530155563.jpg\" target=\"_blank\" rel=\"noreferrer noopener\"><img loading=\"lazy\" decoding=\"async\" width=\"813\" height=\"1024\" data-id=\"247\" src=\"https:\/\/www.jk-techlab.com\/wp-content\/uploads\/2025\/03\/1741525979056-scaled-e1741530155563-813x1024.jpg\" alt=\"\" class=\"wp-image-247\" srcset=\"https:\/\/www.jk-techlab.com\/wp-content\/uploads\/2025\/03\/1741525979056-scaled-e1741530155563-813x1024.jpg 813w, https:\/\/www.jk-techlab.com\/wp-content\/uploads\/2025\/03\/1741525979056-scaled-e1741530155563-238x300.jpg 238w, https:\/\/www.jk-techlab.com\/wp-content\/uploads\/2025\/03\/1741525979056-scaled-e1741530155563-768x968.jpg 768w, https:\/\/www.jk-techlab.com\/wp-content\/uploads\/2025\/03\/1741525979056-scaled-e1741530155563.jpg 1135w\" sizes=\"auto, (max-width: 813px) 100vw, 813px\" \/><\/a><figcaption class=\"wp-element-caption\">XRD dr\u017e\u00e1k pro CR baterii,<br> s kontakty,<\/figcaption><\/figure>\n\n\n\n<figure class=\"wp-block-image size-large\"><a href=\"https:\/\/www.jk-techlab.com\/wp-content\/uploads\/2025\/03\/1741525979083-scaled-e1741530131785.jpg\" target=\"_blank\" rel=\"noreferrer noopener\"><img loading=\"lazy\" decoding=\"async\" width=\"1024\" height=\"446\" data-id=\"248\" src=\"https:\/\/www.jk-techlab.com\/wp-content\/uploads\/2025\/03\/1741525979083-scaled-e1741530131785-1024x446.jpg\" alt=\"\" class=\"wp-image-248\" srcset=\"https:\/\/www.jk-techlab.com\/wp-content\/uploads\/2025\/03\/1741525979083-scaled-e1741530131785-1024x446.jpg 1024w, https:\/\/www.jk-techlab.com\/wp-content\/uploads\/2025\/03\/1741525979083-scaled-e1741530131785-300x131.jpg 300w, https:\/\/www.jk-techlab.com\/wp-content\/uploads\/2025\/03\/1741525979083-scaled-e1741530131785-768x334.jpg 768w, https:\/\/www.jk-techlab.com\/wp-content\/uploads\/2025\/03\/1741525979083-scaled-e1741530131785-1536x669.jpg 1536w, https:\/\/www.jk-techlab.com\/wp-content\/uploads\/2025\/03\/1741525979083-scaled-e1741530131785.jpg 1920w\" sizes=\"auto, (max-width: 1024px) 100vw, 1024px\" \/><\/a><figcaption class=\"wp-element-caption\">XRD dr\u017e\u00e1k pro CR baterii,<br> s kontakty, profil<\/figcaption><\/figure>\n\n\n\n<figure class=\"wp-block-image size-large\"><a href=\"https:\/\/www.jk-techlab.com\/wp-content\/uploads\/2025\/03\/1741525979108-scaled-e1741530193259.jpg\" target=\"_blank\" rel=\"noreferrer noopener\"><img loading=\"lazy\" decoding=\"async\" width=\"717\" height=\"1024\" data-id=\"249\" src=\"https:\/\/www.jk-techlab.com\/wp-content\/uploads\/2025\/03\/1741525979108-scaled-e1741530193259-717x1024.jpg\" alt=\"\" class=\"wp-image-249\" srcset=\"https:\/\/www.jk-techlab.com\/wp-content\/uploads\/2025\/03\/1741525979108-scaled-e1741530193259-717x1024.jpg 717w, https:\/\/www.jk-techlab.com\/wp-content\/uploads\/2025\/03\/1741525979108-scaled-e1741530193259-210x300.jpg 210w, https:\/\/www.jk-techlab.com\/wp-content\/uploads\/2025\/03\/1741525979108-scaled-e1741530193259-768x1097.jpg 768w, https:\/\/www.jk-techlab.com\/wp-content\/uploads\/2025\/03\/1741525979108-scaled-e1741530193259.jpg 1075w\" sizes=\"auto, (max-width: 717px) 100vw, 717px\" \/><\/a><figcaption class=\"wp-element-caption\">XRD dr\u017e\u00e1k pro CR baterii,<br> s kontakty, PCB<\/figcaption><\/figure>\n\n\n\n<figure class=\"wp-block-image size-large\"><a href=\"https:\/\/www.jk-techlab.com\/wp-content\/uploads\/2025\/03\/1741526224163-scaled-e1741530259802.jpg\" target=\"_blank\" rel=\"noreferrer noopener\"><img loading=\"lazy\" decoding=\"async\" width=\"908\" height=\"1024\" data-id=\"253\" src=\"https:\/\/www.jk-techlab.com\/wp-content\/uploads\/2025\/03\/1741526224163-scaled-e1741530259802-908x1024.jpg\" alt=\"\" class=\"wp-image-253\" srcset=\"https:\/\/www.jk-techlab.com\/wp-content\/uploads\/2025\/03\/1741526224163-scaled-e1741530259802-908x1024.jpg 908w, https:\/\/www.jk-techlab.com\/wp-content\/uploads\/2025\/03\/1741526224163-scaled-e1741530259802-266x300.jpg 266w, https:\/\/www.jk-techlab.com\/wp-content\/uploads\/2025\/03\/1741526224163-scaled-e1741530259802-768x867.jpg 768w, https:\/\/www.jk-techlab.com\/wp-content\/uploads\/2025\/03\/1741526224163-scaled-e1741530259802-1361x1536.jpg 1361w, https:\/\/www.jk-techlab.com\/wp-content\/uploads\/2025\/03\/1741526224163-scaled-e1741530259802.jpg 1520w\" sizes=\"auto, (max-width: 908px) 100vw, 908px\" \/><\/a><figcaption class=\"wp-element-caption\">XRD dr\u017e\u00e1k s nosi\u010dem<\/figcaption><\/figure>\n\n\n\n<figure class=\"wp-block-image size-large\"><a href=\"https:\/\/www.jk-techlab.com\/wp-content\/uploads\/2025\/03\/1741526224182-scaled-e1741530283180.jpg\" target=\"_blank\" rel=\"noreferrer noopener\"><img loading=\"lazy\" decoding=\"async\" width=\"1001\" height=\"1024\" data-id=\"254\" src=\"https:\/\/www.jk-techlab.com\/wp-content\/uploads\/2025\/03\/1741526224182-scaled-e1741530283180-1001x1024.jpg\" alt=\"\" class=\"wp-image-254\" srcset=\"https:\/\/www.jk-techlab.com\/wp-content\/uploads\/2025\/03\/1741526224182-scaled-e1741530283180-1001x1024.jpg 1001w, https:\/\/www.jk-techlab.com\/wp-content\/uploads\/2025\/03\/1741526224182-scaled-e1741530283180-293x300.jpg 293w, https:\/\/www.jk-techlab.com\/wp-content\/uploads\/2025\/03\/1741526224182-scaled-e1741530283180-768x786.jpg 768w, https:\/\/www.jk-techlab.com\/wp-content\/uploads\/2025\/03\/1741526224182-scaled-e1741530283180-1501x1536.jpg 1501w, https:\/\/www.jk-techlab.com\/wp-content\/uploads\/2025\/03\/1741526224182-scaled-e1741530283180.jpg 1843w\" sizes=\"auto, (max-width: 1001px) 100vw, 1001px\" \/><\/a><figcaption class=\"wp-element-caption\">XRD dr\u017e\u00e1k s nosi\u010dem<\/figcaption><\/figure>\n\n\n\n<figure class=\"wp-block-image size-large\"><a href=\"https:\/\/www.jk-techlab.com\/wp-content\/uploads\/2025\/03\/1741526224140-scaled.jpg\" target=\"_blank\" rel=\"noreferrer noopener\"><img loading=\"lazy\" decoding=\"async\" width=\"1024\" height=\"769\" data-id=\"252\" src=\"https:\/\/www.jk-techlab.com\/wp-content\/uploads\/2025\/03\/1741526224140-1024x769.jpg\" alt=\"\" class=\"wp-image-252\" srcset=\"https:\/\/www.jk-techlab.com\/wp-content\/uploads\/2025\/03\/1741526224140-1024x769.jpg 1024w, https:\/\/www.jk-techlab.com\/wp-content\/uploads\/2025\/03\/1741526224140-300x225.jpg 300w, https:\/\/www.jk-techlab.com\/wp-content\/uploads\/2025\/03\/1741526224140-768x577.jpg 768w, https:\/\/www.jk-techlab.com\/wp-content\/uploads\/2025\/03\/1741526224140-1536x1153.jpg 1536w, https:\/\/www.jk-techlab.com\/wp-content\/uploads\/2025\/03\/1741526224140-2048x1538.jpg 2048w\" sizes=\"auto, (max-width: 1024px) 100vw, 1024px\" \/><\/a><figcaption class=\"wp-element-caption\">Kapr z duo SILC PLA, <br>3D tisk, komplet<\/figcaption><\/figure>\n\n\n\n<figure class=\"wp-block-image size-large\"><a href=\"https:\/\/www.jk-techlab.com\/wp-content\/uploads\/2025\/03\/1741526224114-scaled-e1741530236324.jpg\" target=\"_blank\" rel=\"noreferrer noopener\"><img loading=\"lazy\" decoding=\"async\" width=\"1024\" height=\"578\" data-id=\"251\" src=\"https:\/\/www.jk-techlab.com\/wp-content\/uploads\/2025\/03\/1741526224114-scaled-e1741530236324-1024x578.jpg\" alt=\"\" class=\"wp-image-251\" srcset=\"https:\/\/www.jk-techlab.com\/wp-content\/uploads\/2025\/03\/1741526224114-scaled-e1741530236324-1024x578.jpg 1024w, https:\/\/www.jk-techlab.com\/wp-content\/uploads\/2025\/03\/1741526224114-scaled-e1741530236324-300x169.jpg 300w, https:\/\/www.jk-techlab.com\/wp-content\/uploads\/2025\/03\/1741526224114-scaled-e1741530236324-768x434.jpg 768w, https:\/\/www.jk-techlab.com\/wp-content\/uploads\/2025\/03\/1741526224114-scaled-e1741530236324-1536x868.jpg 1536w, https:\/\/www.jk-techlab.com\/wp-content\/uploads\/2025\/03\/1741526224114-scaled-e1741530236324-2048x1157.jpg 2048w\" sizes=\"auto, (max-width: 1024px) 100vw, 1024px\" \/><\/a><figcaption class=\"wp-element-caption\">Kapr z duo SILC PLA, <br>3D tisk, p\u0159ekvapen\u00ed<\/figcaption><\/figure>\n\n\n\n<figure class=\"wp-block-image size-large\"><a href=\"https:\/\/www.jk-techlab.com\/wp-content\/uploads\/2025\/03\/1741526224089-scaled-e1741530216790.jpg\" target=\"_blank\" rel=\"noreferrer noopener\"><img loading=\"lazy\" decoding=\"async\" width=\"1024\" height=\"712\" data-id=\"250\" src=\"https:\/\/www.jk-techlab.com\/wp-content\/uploads\/2025\/03\/1741526224089-scaled-e1741530216790-1024x712.jpg\" alt=\"\" class=\"wp-image-250\" srcset=\"https:\/\/www.jk-techlab.com\/wp-content\/uploads\/2025\/03\/1741526224089-scaled-e1741530216790-1024x712.jpg 1024w, https:\/\/www.jk-techlab.com\/wp-content\/uploads\/2025\/03\/1741526224089-scaled-e1741530216790-300x209.jpg 300w, https:\/\/www.jk-techlab.com\/wp-content\/uploads\/2025\/03\/1741526224089-scaled-e1741530216790-768x534.jpg 768w, https:\/\/www.jk-techlab.com\/wp-content\/uploads\/2025\/03\/1741526224089-scaled-e1741530216790-1536x1068.jpg 1536w, https:\/\/www.jk-techlab.com\/wp-content\/uploads\/2025\/03\/1741526224089-scaled-e1741530216790-2048x1423.jpg 2048w\" sizes=\"auto, (max-width: 1024px) 100vw, 1024px\" \/><\/a><figcaption class=\"wp-element-caption\">Kapr z duo SILC PLA, <br>3D tisk, \u010d\u00e1sti<\/figcaption><\/figure>\n<\/figure>\n\n\n\n<p><\/p>\n","protected":false},"excerpt":{"rendered":"<p>Fotogalerie zak\u00e1zek:<\/p>\n","protected":false},"author":1,"featured_media":0,"parent":0,"menu_order":0,"comment_status":"closed","ping_status":"closed","template":"","meta":{"footnotes":""},"class_list":["post-95","page","type-page","status-publish","hentry"],"_links":{"self":[{"href":"https:\/\/www.jk-techlab.com\/index.php?rest_route=\/wp\/v2\/pages\/95","targetHints":{"allow":["GET"]}}],"collection":[{"href":"https:\/\/www.jk-techlab.com\/index.php?rest_route=\/wp\/v2\/pages"}],"about":[{"href":"https:\/\/www.jk-techlab.com\/index.php?rest_route=\/wp\/v2\/types\/page"}],"author":[{"embeddable":true,"href":"https:\/\/www.jk-techlab.com\/index.php?rest_route=\/wp\/v2\/users\/1"}],"replies":[{"embeddable":true,"href":"https:\/\/www.jk-techlab.com\/index.php?rest_route=%2Fwp%2Fv2%2Fcomments&post=95"}],"version-history":[{"count":22,"href":"https:\/\/www.jk-techlab.com\/index.php?rest_route=\/wp\/v2\/pages\/95\/revisions"}],"predecessor-version":[{"id":266,"href":"https:\/\/www.jk-techlab.com\/index.php?rest_route=\/wp\/v2\/pages\/95\/revisions\/266"}],"wp:attachment":[{"href":"https:\/\/www.jk-techlab.com\/index.php?rest_route=%2Fwp%2Fv2%2Fmedia&parent=95"}],"curies":[{"name":"wp","href":"https:\/\/api.w.org\/{rel}","templated":true}]}}