{"id":81,"date":"2023-08-02T12:04:58","date_gmt":"2023-08-02T12:04:58","guid":{"rendered":"https:\/\/www.jk-techlab.com\/?page_id=81"},"modified":"2026-02-01T08:01:17","modified_gmt":"2026-02-01T08:01:17","slug":"123-2","status":"publish","type":"page","link":"https:\/\/www.jk-techlab.com\/","title":{"rendered":"\u00davod"},"content":{"rendered":"\n<p>Slu\u017eby:<\/p>\n\n\n\n<ul class=\"wp-block-list\">\n<li>Pototypov\u00e1 v\u00fdroba &#8211; identifikace po\u017eadavk\u016f, v\u00fdvoj, revize, \u00faprava a vylep\u0161en\u00ed         <\/li>\n\n\n\n<li>3D tisk &#8211; 8 let zku\u0161enost\u00ed (materi\u00e1ly: PLA, PETG), vlastn\u00ed i dodan\u00e9 3D modely<\/li>\n\n\n\n<li>3D skenov\u00e1n\u00ed p\u0159edm\u011bt\u016f a n\u00e1sledn\u00e1 \u00faprava model\u016f pro dal\u0161\u00ed aplikace  <\/li>\n\n\n\n<li>V\u00fdroba rekvizit do foto-studia                                                                      <\/li>\n\n\n\n<li>Realizace personifikovan\u00fdch d\u00e1rk\u016f a p\u0159\u00e1n\u00ed (odlitky, 3D tisk apod.)              <\/li>\n\n\n\n<li>Odborn\u00e1 manipulace s chemick\u00fdmi l\u00e1tkami (silikony, epoxidy, plniva, barvy)     <\/li>\n\n\n\n<li>Z\u00e1me\u010dnick\u00e9 pr\u00e1ce &#8211; d\u011blen\u00ed, oh\u00fdb\u00e1n\u00ed, vrt\u00e1n\u00ed, sva\u0159ov\u00e1n\u00ed (plasty) a povrchov\u00e9 \u00fapravy (brou\u0161en\u00ed, le\u0161t\u011bn\u00ed)<\/li>\n\n\n\n<li>Opravy a n\u00e1hradn\u00ed d\u00edly  <\/li>\n\n\n\n<li><strong>Nov\u011b: <\/strong>grav\u00edrov\u00e1n\u00ed a \u0159ez\u00e1n\u00ed laserem (20W, 450nm), CNC (450x450x75 mm)<\/li>\n<\/ul>\n\n\n\n<p>Materi\u00e1ly: <\/p>\n\n\n\n<ul class=\"wp-block-list\">\n<li>Kompozitn\u00ed materi\u00e1ly na b\u00e1zi epoxid\u016f                                                              <\/li>\n\n\n\n<li>Epoxidov\u00e9 modely                                                                                        <\/li>\n\n\n\n<li>Silikonov\u00e9 a plastov\u00e9 formy a odlitky                                                                <\/li>\n\n\n\n<li>D\u0159evo a m\u011bkk\u00e9 kovy                                                                                  <\/li>\n\n\n\n<li>Sekund\u00e1rn\u00ed recyklace materi\u00e1l\u016f (kompozity a plniva)                                           <\/li>\n\n\n\n<li>PLA a PETG (3D tisk) <\/li>\n<\/ul>\n\n\n\n<p class=\"has-text-color\" style=\"color:#0011ff\"><strong>Na z\u00e1klad\u011b Va\u0161\u00ed popt\u00e1vky V\u00e1m za\u0161lu nez\u00e1vazn\u00fd cenov\u00fd odhad. Vyu\u017eijte, pros\u00edm, informace v sekci Kontakt.<\/strong> <\/p>\n","protected":false},"excerpt":{"rendered":"<p>Slu\u017eby: Materi\u00e1ly: Na z\u00e1klad\u011b Va\u0161\u00ed popt\u00e1vky V\u00e1m za\u0161lu nez\u00e1vazn\u00fd cenov\u00fd odhad. Vyu\u017eijte, pros\u00edm, informace v sekci Kontakt.<\/p>\n","protected":false},"author":1,"featured_media":110,"parent":0,"menu_order":0,"comment_status":"closed","ping_status":"closed","template":"","meta":{"footnotes":""},"class_list":["post-81","page","type-page","status-publish","has-post-thumbnail","hentry"],"_links":{"self":[{"href":"https:\/\/www.jk-techlab.com\/index.php?rest_route=\/wp\/v2\/pages\/81","targetHints":{"allow":["GET"]}}],"collection":[{"href":"https:\/\/www.jk-techlab.com\/index.php?rest_route=\/wp\/v2\/pages"}],"about":[{"href":"https:\/\/www.jk-techlab.com\/index.php?rest_route=\/wp\/v2\/types\/page"}],"author":[{"embeddable":true,"href":"https:\/\/www.jk-techlab.com\/index.php?rest_route=\/wp\/v2\/users\/1"}],"replies":[{"embeddable":true,"href":"https:\/\/www.jk-techlab.com\/index.php?rest_route=%2Fwp%2Fv2%2Fcomments&post=81"}],"version-history":[{"count":15,"href":"https:\/\/www.jk-techlab.com\/index.php?rest_route=\/wp\/v2\/pages\/81\/revisions"}],"predecessor-version":[{"id":269,"href":"https:\/\/www.jk-techlab.com\/index.php?rest_route=\/wp\/v2\/pages\/81\/revisions\/269"}],"wp:featuredmedia":[{"embeddable":true,"href":"https:\/\/www.jk-techlab.com\/index.php?rest_route=\/wp\/v2\/media\/110"}],"wp:attachment":[{"href":"https:\/\/www.jk-techlab.com\/index.php?rest_route=%2Fwp%2Fv2%2Fmedia&parent=81"}],"curies":[{"name":"wp","href":"https:\/\/api.w.org\/{rel}","templated":true}]}}