{"id":103,"date":"2023-08-04T10:02:29","date_gmt":"2023-08-04T10:02:29","guid":{"rendered":"https:\/\/www.jk-techlab.com\/?page_id=103"},"modified":"2025-03-09T14:58:20","modified_gmt":"2025-03-09T14:58:20","slug":"kontakt","status":"publish","type":"page","link":"https:\/\/www.jk-techlab.com\/?page_id=103","title":{"rendered":"Kontaktn\u00ed \u00fadaje:"},"content":{"rendered":"\n<h2 class=\"wp-block-heading\">Kontaktn\u00ed \u00fadaje:<\/h2>\n\n\n\n<pre class=\"wp-block-preformatted has-medium-font-size\" style=\"padding-top:0;padding-bottom:0\"><strong>Jakub K\u00f6hler<\/strong><br>technik<br>I\u010cO: 21160902<br><br>info-techlab@proton.me<br>+420 773 536 343<\/pre>\n\n\n\n<p><strong>QR k\u00f3d:<\/strong><\/p>\n\n\n\n<figure class=\"wp-block-image size-full is-resized\"><img loading=\"lazy\" decoding=\"async\" width=\"707\" height=\"707\" src=\"https:\/\/www.jk-techlab.com\/wp-content\/uploads\/2024\/03\/QR-code-2024-1.jpg\" alt=\"\" class=\"wp-image-170\" style=\"width:227px;height:auto\" srcset=\"https:\/\/www.jk-techlab.com\/wp-content\/uploads\/2024\/03\/QR-code-2024-1.jpg 707w, https:\/\/www.jk-techlab.com\/wp-content\/uploads\/2024\/03\/QR-code-2024-1-300x300.jpg 300w, https:\/\/www.jk-techlab.com\/wp-content\/uploads\/2024\/03\/QR-code-2024-1-150x150.jpg 150w\" sizes=\"auto, (max-width: 707px) 100vw, 707px\" \/><\/figure>\n","protected":false},"excerpt":{"rendered":"<p>Kontaktn\u00ed \u00fadaje: Jakub K\u00f6hlertechnikI\u010cO: 21160902info-techlab@proton.me+420 773 536 343 QR k\u00f3d:<\/p>\n","protected":false},"author":1,"featured_media":0,"parent":0,"menu_order":0,"comment_status":"closed","ping_status":"closed","template":"","meta":{"footnotes":""},"class_list":["post-103","page","type-page","status-publish","hentry"],"_links":{"self":[{"href":"https:\/\/www.jk-techlab.com\/index.php?rest_route=\/wp\/v2\/pages\/103","targetHints":{"allow":["GET"]}}],"collection":[{"href":"https:\/\/www.jk-techlab.com\/index.php?rest_route=\/wp\/v2\/pages"}],"about":[{"href":"https:\/\/www.jk-techlab.com\/index.php?rest_route=\/wp\/v2\/types\/page"}],"author":[{"embeddable":true,"href":"https:\/\/www.jk-techlab.com\/index.php?rest_route=\/wp\/v2\/users\/1"}],"replies":[{"embeddable":true,"href":"https:\/\/www.jk-techlab.com\/index.php?rest_route=%2Fwp%2Fv2%2Fcomments&post=103"}],"version-history":[{"count":6,"href":"https:\/\/www.jk-techlab.com\/index.php?rest_route=\/wp\/v2\/pages\/103\/revisions"}],"predecessor-version":[{"id":262,"href":"https:\/\/www.jk-techlab.com\/index.php?rest_route=\/wp\/v2\/pages\/103\/revisions\/262"}],"wp:attachment":[{"href":"https:\/\/www.jk-techlab.com\/index.php?rest_route=%2Fwp%2Fv2%2Fmedia&parent=103"}],"curies":[{"name":"wp","href":"https:\/\/api.w.org\/{rel}","templated":true}]}}